{"id":2821,"date":"2026-03-02T09:08:37","date_gmt":"2026-03-02T14:08:37","guid":{"rendered":"https:\/\/multi-proelectrique.com\/nous-joindre\/"},"modified":"2026-03-17T17:10:56","modified_gmt":"2026-03-17T21:10:56","slug":"contact-us","status":"publish","type":"page","link":"https:\/\/multi-proelectrique.com\/en\/contact-us\/","title":{"rendered":"Contact Us"},"content":{"rendered":"\t\t<div data-elementor-type=\"wp-page\" data-elementor-id=\"2821\" class=\"elementor elementor-2821 elementor-343\" data-elementor-post-type=\"page\">\n\t\t\t\t<div class=\"elementor-element elementor-element-e226c79 e-flex e-con-boxed e-con e-parent\" data-id=\"e226c79\" data-element_type=\"container\" data-e-type=\"container\" data-settings=\"{&quot;background_background&quot;:&quot;classic&quot;}\">\n\t\t\t\t\t<div class=\"e-con-inner\">\n\t\t<div class=\"elementor-element elementor-element-f6ba0f2 e-con-full e-flex e-con e-child\" data-id=\"f6ba0f2\" data-element_type=\"container\" data-e-type=\"container\">\n\t\t\t\t<div class=\"elementor-element elementor-element-db5d508 elementor-widget__width-initial elementor-widget elementor-widget-heading\" data-id=\"db5d508\" data-element_type=\"widget\" data-e-type=\"widget\" data-widget_type=\"heading.default\">\n\t\t\t\t\t<h1 class=\"elementor-heading-title elementor-size-default\">Contact<br>\n<span class=\"white_light\">An Electrician in Gatineau<\/span><\/h1>\t\t\t\t<\/div>\n\t\t\t\t<\/div>\n\t\t<div class=\"elementor-element elementor-element-a72afa8 e-con-full e-flex e-con e-child\" data-id=\"a72afa8\" data-element_type=\"container\" data-e-type=\"container\">\n\t\t\t\t<div class=\"elementor-element elementor-element-11ac046 elementor-widget elementor-widget-image\" data-id=\"11ac046\" data-element_type=\"widget\" data-e-type=\"widget\" data-widget_type=\"image.default\">\n\t\t\t\t\t\t\t\t\t\t\t\t\t\t\t<img fetchpriority=\"high\" decoding=\"async\" width=\"800\" height=\"723\" src=\"https:\/\/multi-proelectrique.com\/wp-content\/uploads\/2026\/03\/Multi-Pro-Electrique-nous-joindre-1024x926.png\" class=\"attachment-large size-large wp-image-2561\" alt=\"Multi-Pro \u00c9lectrique \u00e9lectricien service apr\u00e8s-vente\" srcset=\"https:\/\/multi-proelectrique.com\/wp-content\/uploads\/2026\/03\/Multi-Pro-Electrique-nous-joindre-1024x926.png 1024w, https:\/\/multi-proelectrique.com\/wp-content\/uploads\/2026\/03\/Multi-Pro-Electrique-nous-joindre-300x271.png 300w, https:\/\/multi-proelectrique.com\/wp-content\/uploads\/2026\/03\/Multi-Pro-Electrique-nous-joindre-768x694.png 768w, https:\/\/multi-proelectrique.com\/wp-content\/uploads\/2026\/03\/Multi-Pro-Electrique-nous-joindre.png 1200w\" sizes=\"(max-width: 800px) 100vw, 800px\" \/>\t\t\t\t\t\t\t\t\t\t\t\t\t\t\t<\/div>\n\t\t\t\t<\/div>\n\t\t\t\t\t<\/div>\n\t\t\t\t<\/div>\n\t\t<div class=\"elementor-element elementor-element-0325849 e-con-full e-flex e-con e-parent\" data-id=\"0325849\" data-element_type=\"container\" data-e-type=\"container\" data-settings=\"{&quot;background_background&quot;:&quot;classic&quot;}\">\n\t\t<div class=\"elementor-element elementor-element-1488bb7 e-flex e-con-boxed e-con e-child\" data-id=\"1488bb7\" data-element_type=\"container\" data-e-type=\"container\">\n\t\t\t\t\t<div class=\"e-con-inner\">\n\t\t<div class=\"elementor-element elementor-element-c6e24c5 e-con-full e-flex e-con e-child\" data-id=\"c6e24c5\" data-element_type=\"container\" data-e-type=\"container\">\n\t\t<div class=\"elementor-element elementor-element-c837bbd e-con-full e-flex e-con e-child\" data-id=\"c837bbd\" data-element_type=\"container\" data-e-type=\"container\">\n\t\t<div class=\"elementor-element elementor-element-b3f92e9 e-con-full e-flex e-con e-child\" data-id=\"b3f92e9\" data-element_type=\"container\" data-e-type=\"container\" data-settings=\"{&quot;background_background&quot;:&quot;classic&quot;}\">\n\t\t\t\t<\/div>\n\t\t\t\t<\/div>\n\t\t<div class=\"elementor-element elementor-element-75f35c1 e-con-full e-flex e-con e-child\" data-id=\"75f35c1\" data-element_type=\"container\" data-e-type=\"container\">\n\t\t<div class=\"elementor-element elementor-element-01546f8 e-con-full e-flex e-con e-child\" data-id=\"01546f8\" data-element_type=\"container\" data-e-type=\"container\" data-settings=\"{&quot;background_background&quot;:&quot;classic&quot;}\">\n\t\t\t\t<\/div>\n\t\t\t\t<\/div>\n\t\t\t\t<\/div>\n\t\t<div class=\"elementor-element elementor-element-23ed5f3 e-con-full e-flex e-con e-child\" data-id=\"23ed5f3\" data-element_type=\"container\" data-e-type=\"container\">\n\t\t\t\t<div class=\"elementor-element elementor-element-1ee5bdf elementor-widget elementor-widget-heading\" data-id=\"1ee5bdf\" data-element_type=\"widget\" data-e-type=\"widget\" data-widget_type=\"heading.default\">\n\t\t\t\t\t<h2 class=\"elementor-heading-title elementor-size-default\">Do You Have an Electrical Project?<\/h2>\t\t\t\t<\/div>\n\t\t\t\t<div class=\"elementor-element elementor-element-7d3e656 elementor-widget elementor-widget-text-editor\" data-id=\"7d3e656\" data-element_type=\"widget\" data-e-type=\"widget\" data-widget_type=\"text-editor.default\">\n\t\t\t\t\t\t\t\t\tHave an electrical project in Gatineau or need a problem resolved quickly?\t\t\t\t\t\t\t\t<\/div>\n\t\t\t\t<div class=\"elementor-element elementor-element-9199084 no_margin_bt_last elementor-widget elementor-widget-text-editor\" data-id=\"9199084\" data-element_type=\"widget\" data-e-type=\"widget\" data-widget_type=\"text-editor.default\">\n\t\t\t\t\t\t\t\t\tAt Multi-Pro \u00c9lectrique, we provide safe, compliant, and professional service for residential, commercial, and institutional needs. Call us or complete the form below, and we\u2019ll respond as quickly as possible.\n\t\t\t\t\t\t\t\t<\/div>\n\t\t\t\t<\/div>\n\t\t\t\t\t<\/div>\n\t\t\t\t<\/div>\n\t\t\t\t<\/div>\n\t\t<div class=\"elementor-element elementor-element-1651874 e-flex e-con-boxed e-con e-parent\" data-id=\"1651874\" data-element_type=\"container\" data-e-type=\"container\" data-settings=\"{&quot;background_background&quot;:&quot;classic&quot;}\">\n\t\t\t\t\t<div class=\"e-con-inner\">\n\t\t\t\t\t<\/div>\n\t\t\t\t<\/div>\n\t\t<div class=\"elementor-element elementor-element-3a78ad5 e-flex e-con-boxed e-con e-parent\" data-id=\"3a78ad5\" data-element_type=\"container\" data-e-type=\"container\" data-settings=\"{&quot;background_background&quot;:&quot;classic&quot;}\">\n\t\t\t\t\t<div class=\"e-con-inner\">\n\t\t<div class=\"elementor-element elementor-element-87d0c24 e-con-full e-flex e-con e-child\" data-id=\"87d0c24\" data-element_type=\"container\" data-e-type=\"container\">\n\t\t<div class=\"elementor-element elementor-element-3d0ed62 e-con-full e-flex e-con e-child\" data-id=\"3d0ed62\" data-element_type=\"container\" data-e-type=\"container\" data-settings=\"{&quot;background_background&quot;:&quot;classic&quot;}\">\n\t\t\t\t<div class=\"elementor-element elementor-element-3b92dd0 elementor-widget elementor-widget-heading\" data-id=\"3b92dd0\" data-element_type=\"widget\" data-e-type=\"widget\" data-widget_type=\"heading.default\">\n\t\t\t\t\t<h2 class=\"elementor-heading-title elementor-size-default\"><span class=\"dark_light\">Information <\/span><br>\nRequest Form<\/h2>\t\t\t\t<\/div>\n\t\t\t\t<div class=\"elementor-element elementor-element-5746a47 elementor-button-align-center form_carriere elementor-widget elementor-widget-form\" data-id=\"5746a47\" data-element_type=\"widget\" data-e-type=\"widget\" data-settings=\"{&quot;step_next_label&quot;:&quot;Suivant&quot;,&quot;step_previous_label&quot;:&quot;Pr\\u00e9c\\u00e9dent&quot;,&quot;button_width&quot;:&quot;100&quot;,&quot;step_type&quot;:&quot;number_text&quot;,&quot;step_icon_shape&quot;:&quot;circle&quot;}\" data-widget_type=\"form.default\">\n\t\t\t\t\t\t\t<form class=\"elementor-form\" method=\"post\" name=\"Contact us - Form\" aria-label=\"Contact us - Form\" novalidate=\"\">\n\t\t\t<input type=\"hidden\" name=\"post_id\" value=\"2821\"\/>\n\t\t\t<input type=\"hidden\" name=\"form_id\" value=\"5746a47\"\/>\n\t\t\t<input type=\"hidden\" name=\"referer_title\" value=\"\" \/>\n\n\t\t\t\n\t\t\t<div class=\"elementor-form-fields-wrapper elementor-labels-\">\n\t\t\t\t\t\t\t\t<div class=\"elementor-field-type-text elementor-field-group elementor-column elementor-field-group-fname elementor-col-50 elementor-field-required\">\n\t\t\t\t\t\t\t\t\t\t\t\t<label for=\"form-field-fname\" class=\"elementor-field-label elementor-screen-only\">\n\t\t\t\t\t\t\t\tFirst Name\t\t\t\t\t\t\t<\/label>\n\t\t\t\t\t\t\t\t\t\t\t\t\t\t<input size=\"1\" type=\"text\" name=\"form_fields[fname]\" id=\"form-field-fname\" class=\"elementor-field elementor-size-sm  elementor-field-textual\" placeholder=\"First Name\" required=\"required\">\n\t\t\t\t\t\t\t\t\t\t\t<\/div>\n\t\t\t\t\t\t\t\t<div class=\"elementor-field-type-text elementor-field-group elementor-column elementor-field-group-lname elementor-col-50 elementor-field-required\">\n\t\t\t\t\t\t\t\t\t\t\t\t<label for=\"form-field-lname\" class=\"elementor-field-label elementor-screen-only\">\n\t\t\t\t\t\t\t\tLast Name\t\t\t\t\t\t\t<\/label>\n\t\t\t\t\t\t\t\t\t\t\t\t\t\t<input size=\"1\" type=\"text\" name=\"form_fields[lname]\" id=\"form-field-lname\" class=\"elementor-field elementor-size-sm  elementor-field-textual\" placeholder=\"Last Name\" required=\"required\">\n\t\t\t\t\t\t\t\t\t\t\t<\/div>\n\t\t\t\t\t\t\t\t<div class=\"elementor-field-type-email elementor-field-group elementor-column elementor-field-group-email elementor-col-50 elementor-field-required\">\n\t\t\t\t\t\t\t\t\t\t\t\t<label for=\"form-field-email\" class=\"elementor-field-label elementor-screen-only\">\n\t\t\t\t\t\t\t\tEmail\t\t\t\t\t\t\t<\/label>\n\t\t\t\t\t\t\t\t\t\t\t\t\t\t<input size=\"1\" type=\"email\" name=\"form_fields[email]\" id=\"form-field-email\" class=\"elementor-field elementor-size-sm  elementor-field-textual\" placeholder=\"Email\" required=\"required\">\n\t\t\t\t\t\t\t\t\t\t\t<\/div>\n\t\t\t\t\t\t\t\t<div class=\"elementor-field-type-text elementor-field-group elementor-column elementor-field-group-field_63eaf7d elementor-col-50 elementor-field-required\">\n\t\t\t\t\t\t\t\t\t\t\t\t<label for=\"form-field-field_63eaf7d\" class=\"elementor-field-label elementor-screen-only\">\n\t\t\t\t\t\t\t\tPhone\t\t\t\t\t\t\t<\/label>\n\t\t\t\t\t\t\t\t\t\t\t\t\t\t<input size=\"1\" type=\"text\" name=\"form_fields[field_63eaf7d]\" id=\"form-field-field_63eaf7d\" class=\"elementor-field elementor-size-sm  elementor-field-textual\" placeholder=\"Phone\" required=\"required\">\n\t\t\t\t\t\t\t\t\t\t\t<\/div>\n\t\t\t\t\t\t\t\t<div class=\"elementor-field-type-text elementor-field-group elementor-column elementor-field-group-field_03c3981 elementor-col-100 elementor-field-required\">\n\t\t\t\t\t\t\t\t\t\t\t\t<label for=\"form-field-field_03c3981\" class=\"elementor-field-label elementor-screen-only\">\n\t\t\t\t\t\t\t\tSubject\t\t\t\t\t\t\t<\/label>\n\t\t\t\t\t\t\t\t\t\t\t\t\t\t<input size=\"1\" type=\"text\" name=\"form_fields[field_03c3981]\" id=\"form-field-field_03c3981\" class=\"elementor-field elementor-size-sm  elementor-field-textual\" placeholder=\"Subject\" required=\"required\">\n\t\t\t\t\t\t\t\t\t\t\t<\/div>\n\t\t\t\t\t\t\t\t<div class=\"elementor-field-type-textarea elementor-field-group elementor-column elementor-field-group-message elementor-col-100\">\n\t\t\t\t\t\t\t\t\t\t\t\t<label for=\"form-field-message\" class=\"elementor-field-label elementor-screen-only\">\n\t\t\t\t\t\t\t\tComments\t\t\t\t\t\t\t<\/label>\n\t\t\t\t\t\t<textarea class=\"elementor-field-textual elementor-field  elementor-size-sm\" name=\"form_fields[message]\" id=\"form-field-message\" rows=\"4\" placeholder=\"Comments\"><\/textarea>\t\t\t\t<\/div>\n\t\t\t\t\t\t\t\t<div class=\"elementor-field-type-acceptance elementor-field-group elementor-column elementor-field-group-field_ddb57aa elementor-col-100 elementor-field-required\">\n\t\t\t\t\t\t\t\t\t\t\t\t<label for=\"form-field-field_ddb57aa\" class=\"elementor-field-label elementor-screen-only\">\n\t\t\t\t\t\t\t\tConsentement\t\t\t\t\t\t\t<\/label>\n\t\t\t\t\t\t\t\t<div class=\"elementor-field-subgroup\">\n\t\t\t<span class=\"elementor-field-option\">\n\t\t\t\t<input type=\"checkbox\" name=\"form_fields[field_ddb57aa]\" id=\"form-field-field_ddb57aa\" class=\"elementor-field elementor-size-sm  elementor-acceptance-field\" required=\"required\">\n\t\t\t\t<label for=\"form-field-field_ddb57aa\">I accept and understand that my information will be used in accordance with the company\u2019s <a href=\"\/en\/privacy-policy\/\" target=\"_blank\">privacy policy<\/a>.\n<\/label>\t\t\t<\/span>\n\t\t<\/div>\n\t\t\t\t\t\t<\/div>\n\t\t\t\t\t\t\t\t<div class=\"elementor-field-group elementor-column elementor-field-type-submit elementor-col-100 e-form__buttons\">\n\t\t\t\t\t<button class=\"elementor-button elementor-size-sm\" type=\"submit\">\n\t\t\t\t\t\t<span class=\"elementor-button-content-wrapper\">\n\t\t\t\t\t\t\t\t\t\t\t\t\t\t\t\t\t\t\t\t\t\t<span class=\"elementor-button-text\">Submit<\/span>\n\t\t\t\t\t\t\t\t\t\t\t\t\t<\/span>\n\t\t\t\t\t<\/button>\n\t\t\t\t<\/div>\n\t\t\t<\/div>\n\t\t<input\n                    class=\"apbct_special_field apbct_email_id__elementor_form\"\n                    name=\"apbct__email_id__elementor_form\"\n                    aria-label=\"apbct__label_id__elementor_form\"\n                    type=\"text\" size=\"30\" maxlength=\"200\" autocomplete=\"off\"\n                    value=\"\"\n                \/><\/form>\n\t\t\t\t\t\t<\/div>\n\t\t\t\t<\/div>\n\t\t\t\t<\/div>\n\t\t<div class=\"elementor-element elementor-element-654bf63 e-con-full e-flex e-con e-child\" data-id=\"654bf63\" data-element_type=\"container\" data-e-type=\"container\">\n\t\t<div class=\"elementor-element elementor-element-b5d9a52 e-con-full e-flex e-con e-child\" data-id=\"b5d9a52\" data-element_type=\"container\" data-e-type=\"container\" data-settings=\"{&quot;background_background&quot;:&quot;classic&quot;}\">\n\t\t\t\t<div class=\"elementor-element elementor-element-8695cb9 elementor-widget elementor-widget-heading\" data-id=\"8695cb9\" data-element_type=\"widget\" data-e-type=\"widget\" data-widget_type=\"heading.default\">\n\t\t\t\t\t<h2 class=\"elementor-heading-title elementor-size-default\">Contact Information<\/h2>\t\t\t\t<\/div>\n\t\t\t\t<div class=\"elementor-element elementor-element-47025ef elementor-widget__width-initial elementor-icon-list--layout-traditional elementor-list-item-link-full_width elementor-widget elementor-widget-icon-list\" data-id=\"47025ef\" data-element_type=\"widget\" data-e-type=\"widget\" data-widget_type=\"icon-list.default\">\n\t\t\t\t\t\t\t<ul class=\"elementor-icon-list-items\">\n\t\t\t\t\t\t\t<li class=\"elementor-icon-list-item\">\n\t\t\t\t\t\t\t\t\t\t\t<a href=\"https:\/\/multi-proelectrique.com\/services\/service-durgence-24-7\/\">\n\n\t\t\t\t\t\t\t\t\t\t\t\t<span class=\"elementor-icon-list-icon\">\n\t\t\t\t\t\t\t<svg xmlns=\"http:\/\/www.w3.org\/2000\/svg\" xmlns:xlink=\"http:\/\/www.w3.org\/1999\/xlink\" height=\"26.02\" viewBox=\"0 0 25.44 26.02\" width=\"25.44\"><clipPath id=\"a\"><path d=\"m0 0h25.44v26.02h-25.44z\"><\/path><\/clipPath><g clip-path=\"url(#a)\" fill=\"#f9a223\"><path d=\"m55.311 9.312-.15.435-.052.149-.241.694a10.274 10.274 0 0 0 -5.111 1.562.636.636 0 1 1 -.676-1.078 11.555 11.555 0 0 1 6.148-1.764h.082\" transform=\"translate(-41.387 -7.898)\"><\/path><path d=\"m50.622 143.515-.529 1.155a11.26 11.26 0 0 1 -1.014-.564.637.637 0 1 1 .676-1.079 9.385 9.385 0 0 0 .869.485\" transform=\"translate(-41.383 -121.263)\"><\/path><path d=\"m82.562 26.569a11.6 11.6 0 0 1 -15.232 11.014l.455-.7.268-.411a10.326 10.326 0 0 0 7.047-19.364l.329-.622.267-.506a11.621 11.621 0 0 1 6.863 10.589\" transform=\"translate(-57.122 -13.557)\"><\/path><path d=\"m22.163 48.207a.635.635 0 0 1 -.637.635h-3.869a.636.636 0 1 1 0-1.272h3.869a.637.637 0 0 1 .637.637\" transform=\"translate(-14.44 -40.358)\"><\/path><path d=\"m6.433 82.247a.634.634 0 0 1 -.635.635h-5.161a.636.636 0 1 1 0-1.272h5.163a.635.635 0 0 1 .635.637\" transform=\"translate(0 -69.237)\"><\/path><path d=\"m22.163 116.285a.637.637 0 0 1 -.637.637h-3.869a.636.636 0 1 1 0-1.272h3.869a.635.635 0 0 1 .637.635\" transform=\"translate(-14.44 -98.116)\"><\/path><path d=\"m60.728 10.5 4.15-1.172-2.743 4.194-.711 1.078-4.624 7.081-.256.391-.255.39-.171.262-.287.438-.426.652-1.445 2.206 1.078-2.355.321-.7.209-.458.13-.287.19-.412.19-.414 3.813-8.322.553-1.21-.989.268-3.116.846 3.736-10.776.052-.147.133-.387.534-.19 1.415-.5 2.743-.976-.8 1.51-.358.679-.241.456-.358.676-2.467 4.669-1.272 2.41-.287.541.287-.08z\" transform=\"translate(-45.779)\"><\/path><\/g><\/svg>\t\t\t\t\t\t<\/span>\n\t\t\t\t\t\t\t\t\t\t<span class=\"elementor-icon-list-text\">24\/7 Emergency Service<\/span>\n\t\t\t\t\t\t\t\t\t\t\t<\/a>\n\t\t\t\t\t\t\t\t\t<\/li>\n\t\t\t\t\t\t\t\t<li class=\"elementor-icon-list-item\">\n\t\t\t\t\t\t\t\t\t\t\t<a href=\"tel:+18197435797\">\n\n\t\t\t\t\t\t\t\t\t\t\t\t<span class=\"elementor-icon-list-icon\">\n\t\t\t\t\t\t\t<svg xmlns=\"http:\/\/www.w3.org\/2000\/svg\" xmlns:xlink=\"http:\/\/www.w3.org\/1999\/xlink\" height=\"18.276\" viewBox=\"0 0 18.271 18.276\" width=\"18.271\"><clipPath id=\"a\"><path d=\"m0 0h18.271v18.276h-18.271z\"><\/path><\/clipPath><g clip-path=\"url(#a)\"><path d=\"m13.866 18.276a8.576 8.576 0 0 1 -2.414-.378 16.713 16.713 0 0 1 -6.789-4.283 16.713 16.713 0 0 1 -4.283-6.789c-.714-2.417-.415-4.438.838-5.694a4.116 4.116 0 0 1 2.096-1.098 1.774 1.774 0 0 1 2 1.2l1.274 3.866a1.634 1.634 0 0 1 -.375 1.674l-.641.638a.736.736 0 0 0 -.206.55.952.952 0 0 0 .282.624l4.052 4.044a.929.929 0 0 0 .624.279.717.717 0 0 0 .548-.2l.641-.641a1.628 1.628 0 0 1 1.671-.375l3.865 1.276a1.781 1.781 0 0 1 1.186 2.05 4.07 4.07 0 0 1 -1.084 2.041 4.487 4.487 0 0 1 -3.28 1.22m-11.819-16.315c-.938.935-1.129 2.543-.542 4.528a15.522 15.522 0 0 0 3.99 6.289 15.522 15.522 0 0 0 6.29 3.986c1.982.587 3.591.392 4.528-.542a2.948 2.948 0 0 0 .771-1.465.6.6 0 0 0 -.409-.678l-3.862-1.276a.463.463 0 0 0 -.474.09l-.638.641a1.9 1.9 0 0 1 -1.426.548 2.105 2.105 0 0 1 -1.412-.627l-4.053-4.044a2.115 2.115 0 0 1 -.623-1.415 1.9 1.9 0 0 1 .548-1.426l.641-.641a.458.458 0 0 0 .09-.471l-1.277-3.862a.6.6 0 0 0 -.638-.415 2.953 2.953 0 0 0 -1.5.779\" fill=\"#f9a223\" transform=\"translate(.001)\"><\/path><\/g><\/svg>\t\t\t\t\t\t<\/span>\n\t\t\t\t\t\t\t\t\t\t<span class=\"elementor-icon-list-text\">819 743-5797<\/span>\n\t\t\t\t\t\t\t\t\t\t\t<\/a>\n\t\t\t\t\t\t\t\t\t<\/li>\n\t\t\t\t\t\t\t\t<li class=\"elementor-icon-list-item\">\n\t\t\t\t\t\t\t\t\t\t\t<a href=\"https:\/\/maps.app.goo.gl\/MDMPFqsyhY44tnup7\" target=\"_blank\">\n\n\t\t\t\t\t\t\t\t\t\t\t\t<span class=\"elementor-icon-list-icon\">\n\t\t\t\t\t\t\t<svg xmlns=\"http:\/\/www.w3.org\/2000\/svg\" xmlns:xlink=\"http:\/\/www.w3.org\/1999\/xlink\" height=\"18.276\" viewBox=\"0 0 14.091 18.276\" width=\"14.091\"><clipPath id=\"a\"><path d=\"m0 0h14.091v18.276h-14.091z\"><\/path><\/clipPath><g clip-path=\"url(#a)\" fill=\"#f9a223\"><path d=\"m7.046 18.276a.54.54 0 0 1 -.4-.175c-.268-.296-6.646-7.294-6.646-11.057a7.047 7.047 0 0 1 14.094 0c0 3.763-6.379 10.761-6.65 11.057a.54.54 0 0 1 -.4.175m0-17.2a5.975 5.975 0 0 0 -5.967 5.968c0 1.354 1.085 3.558 3.143 6.369 1.118 1.528 2.247 2.857 2.826 3.517.579-.66 1.708-1.989 2.826-3.517 2.057-2.813 3.143-5.013 3.143-6.369a5.975 5.975 0 0 0 -5.969-5.969\" transform=\"translate(-.002 .001)\"><\/path><path d=\"m5.113 8.967a3.852 3.852 0 1 1 3.851-3.854 3.857 3.857 0 0 1 -3.851 3.854m0-6.629a2.777 2.777 0 1 0 2.776 2.775 2.778 2.778 0 0 0 -2.776-2.776\" transform=\"translate(1.931 1.932)\"><\/path><\/g><\/svg>\t\t\t\t\t\t<\/span>\n\t\t\t\t\t\t\t\t\t\t<span class=\"elementor-icon-list-text\"><span style=\"font-weight:400\">17 Villeneuve Street<br> Gatineau (Quebec) J8Y 1L1<\/span><\/span>\n\t\t\t\t\t\t\t\t\t\t\t<\/a>\n\t\t\t\t\t\t\t\t\t<\/li>\n\t\t\t\t\t\t\t\t<li class=\"elementor-icon-list-item\">\n\t\t\t\t\t\t\t\t\t\t\t<span class=\"elementor-icon-list-icon\">\n\t\t\t\t\t\t\t<svg xmlns=\"http:\/\/www.w3.org\/2000\/svg\" height=\"23.5\" viewBox=\"0 0 23.5 23.5\" width=\"23.5\"><g fill=\"none\" stroke=\"#f9a223\" stroke-linecap=\"round\" stroke-linejoin=\"round\" stroke-width=\"1.5\"><path d=\"m12 6v6.461l4.307 2.154\" transform=\"translate(-.482 -.48)\"><\/path><circle cx=\"11.75\" cy=\"11.75\" r=\"11\"><\/circle><\/g><\/svg>\t\t\t\t\t\t<\/span>\n\t\t\t\t\t\t\t\t\t\t<span class=\"elementor-icon-list-text\">Monday to Friday: 8:00 AM \u2013 5:00 PM Saturday and Sunday: Closed<\/span>\n\t\t\t\t\t\t\t\t\t<\/li>\n\t\t\t\t\t\t<\/ul>\n\t\t\t\t\t\t<\/div>\n\t\t\t\t<\/div>\n\t\t\t\t<\/div>\n\t\t\t\t\t<\/div>\n\t\t\t\t<\/div>\n\t\t<div class=\"elementor-element elementor-element-f4ab015 e-con-full e-flex e-con e-parent\" data-id=\"f4ab015\" data-element_type=\"container\" data-e-type=\"container\" data-settings=\"{&quot;background_background&quot;:&quot;classic&quot;}\">\n\t\t<div class=\"elementor-element elementor-element-ebb1ee7 e-con-full e-flex e-con e-child\" data-id=\"ebb1ee7\" data-element_type=\"container\" data-e-type=\"container\" data-settings=\"{&quot;background_background&quot;:&quot;classic&quot;}\">\n\t\t<div class=\"elementor-element elementor-element-252251e e-con-full boxed_left e-flex e-con e-child\" data-id=\"252251e\" data-element_type=\"container\" data-e-type=\"container\" data-settings=\"{&quot;background_background&quot;:&quot;classic&quot;}\">\n\t\t\t\t<div class=\"elementor-element elementor-element-3200aff elementor-widget elementor-widget-heading\" data-id=\"3200aff\" data-element_type=\"widget\" data-e-type=\"widget\" data-widget_type=\"heading.default\">\n\t\t\t\t\t<span class=\"elementor-heading-title elementor-size-default\">Request a<\/span>\t\t\t\t<\/div>\n\t\t\t\t<div class=\"elementor-element elementor-element-b9ede65 elementor-widget elementor-widget-heading\" data-id=\"b9ede65\" data-element_type=\"widget\" data-e-type=\"widget\" data-widget_type=\"heading.default\">\n\t\t\t\t\t<h2 class=\"elementor-heading-title elementor-size-default\">Free Estimate<\/h2>\t\t\t\t<\/div>\n\t\t\t\t<div class=\"elementor-element elementor-element-efbc165 no_margin_bt elementor-widget elementor-widget-text-editor\" data-id=\"efbc165\" data-element_type=\"widget\" data-e-type=\"widget\" data-widget_type=\"text-editor.default\">\n\t\t\t\t\t\t\t\t\tTell us about your project, and we\u2019ll get back to you quickly with a clear proposal.\t\t\t\t\t\t\t\t<\/div>\n\t\t\t\t<div class=\"elementor-element elementor-element-21488a6 elementor-align-center elementor-mobile_extra-align-justify elementor-widget elementor-widget-button\" data-id=\"21488a6\" data-element_type=\"widget\" data-e-type=\"widget\" data-widget_type=\"button.default\">\n\t\t\t\t\t\t\t\t\t\t<a class=\"elementor-button elementor-button-link elementor-size-sm\" href=\"https:\/\/multi-proelectrique.com\/en\/free-estimate\/\">\n\t\t\t\t\t\t<span class=\"elementor-button-content-wrapper\">\n\t\t\t\t\t\t\t\t\t<span class=\"elementor-button-text\">Request Your Free Estimate<\/span>\n\t\t\t\t\t<\/span>\n\t\t\t\t\t<\/a>\n\t\t\t\t\t\t\t\t<\/div>\n\t\t\t\t<\/div>\n\t\t<div class=\"elementor-element elementor-element-eba8568 e-con-full boxed_right e-flex e-con e-child\" data-id=\"eba8568\" data-element_type=\"container\" data-e-type=\"container\" data-settings=\"{&quot;background_background&quot;:&quot;classic&quot;}\">\n\t\t\t\t<div class=\"elementor-element elementor-element-96a5cd9 elementor-widget elementor-widget-image\" data-id=\"96a5cd9\" data-element_type=\"widget\" data-e-type=\"widget\" data-widget_type=\"image.default\">\n\t\t\t\t\t\t\t\t\t\t\t\t\t\t\t<img decoding=\"async\" width=\"800\" height=\"629\" src=\"https:\/\/multi-proelectrique.com\/wp-content\/uploads\/2026\/03\/Multi-Pro-Electrique-cta-bottom-1024x805.png\" class=\"attachment-large size-large wp-image-2509\" alt=\"Multi-Pro \u00c9lectrique, \u00e9lectricien professionnel\" srcset=\"https:\/\/multi-proelectrique.com\/wp-content\/uploads\/2026\/03\/Multi-Pro-Electrique-cta-bottom-1024x805.png 1024w, https:\/\/multi-proelectrique.com\/wp-content\/uploads\/2026\/03\/Multi-Pro-Electrique-cta-bottom-300x236.png 300w, https:\/\/multi-proelectrique.com\/wp-content\/uploads\/2026\/03\/Multi-Pro-Electrique-cta-bottom-768x604.png 768w, https:\/\/multi-proelectrique.com\/wp-content\/uploads\/2026\/03\/Multi-Pro-Electrique-cta-bottom.png 1200w\" sizes=\"(max-width: 800px) 100vw, 800px\" \/>\t\t\t\t\t\t\t\t\t\t\t\t\t\t\t<\/div>\n\t\t\t\t<\/div>\n\t\t\t\t<\/div>\n\t\t\t\t<\/div>\n\t\t\t\t<\/div>\n\t\t","protected":false},"excerpt":{"rendered":"<p>Contact An Electrician in Gatineau Do You Have an Electrical Project? Have an electrical project in Gatineau or need a problem resolved quickly?At Multi-Pro \u00c9lectrique, we provide safe, compliant, and professional service for residential, commercial, and institutional needs. Call us or complete the form below, and we\u2019ll respond as quickly as possible. Information Request Form [&hellip;]<\/p>\n","protected":false},"author":1,"featured_media":0,"parent":0,"menu_order":0,"comment_status":"closed","ping_status":"closed","template":"","meta":{"_acf_changed":false,"_seopress_robots_primary_cat":"","_seopress_titles_title":"Contact an Electrician in Gatineau | Multi-Pro \u00c9lectrique","_seopress_titles_desc":"Contact Multi-Pro \u00c9lectrique to reach an electrician in Gatineau. Fast response from a reliable, professional team.","_seopress_robots_index":"","inline_featured_image":false,"footnotes":""},"class_list":["post-2821","page","type-page","status-publish","hentry"],"acf":[],"_links":{"self":[{"href":"https:\/\/multi-proelectrique.com\/en\/wp-json\/wp\/v2\/pages\/2821","targetHints":{"allow":["GET"]}}],"collection":[{"href":"https:\/\/multi-proelectrique.com\/en\/wp-json\/wp\/v2\/pages"}],"about":[{"href":"https:\/\/multi-proelectrique.com\/en\/wp-json\/wp\/v2\/types\/page"}],"author":[{"embeddable":true,"href":"https:\/\/multi-proelectrique.com\/en\/wp-json\/wp\/v2\/users\/1"}],"replies":[{"embeddable":true,"href":"https:\/\/multi-proelectrique.com\/en\/wp-json\/wp\/v2\/comments?post=2821"}],"version-history":[{"count":12,"href":"https:\/\/multi-proelectrique.com\/en\/wp-json\/wp\/v2\/pages\/2821\/revisions"}],"predecessor-version":[{"id":3059,"href":"https:\/\/multi-proelectrique.com\/en\/wp-json\/wp\/v2\/pages\/2821\/revisions\/3059"}],"wp:attachment":[{"href":"https:\/\/multi-proelectrique.com\/en\/wp-json\/wp\/v2\/media?parent=2821"}],"curies":[{"name":"wp","href":"https:\/\/api.w.org\/{rel}","templated":true}]}}